{"id":1604,"date":"2023-02-06T10:21:03","date_gmt":"2023-02-06T09:21:03","guid":{"rendered":"https:\/\/adiosconamor.com\/blog\/"},"modified":"2024-02-08T21:18:48","modified_gmt":"2024-02-08T20:18:48","slug":"blog","status":"publish","type":"page","link":"https:\/\/www.adiosconamor.com\/es\/blog\/","title":{"rendered":"Blog"},"content":{"rendered":"\t\t<div data-elementor-type=\"wp-page\" data-elementor-id=\"1604\" class=\"elementor elementor-1604 elementor-646\" data-elementor-post-type=\"page\">\n\t\t\t\t\t\t<section class=\"elementor-section elementor-top-section elementor-element elementor-element-2f6d0eb9 elementor-section-height-min-height elementor-section-boxed elementor-section-height-default elementor-section-items-middle\" data-id=\"2f6d0eb9\" data-element_type=\"section\" data-e-type=\"section\" data-settings=\"{&quot;background_background&quot;:&quot;classic&quot;}\">\n\t\t\t\t\t\t\t<div class=\"elementor-background-overlay\"><\/div>\n\t\t\t\t\t\t\t<div class=\"elementor-container elementor-column-gap-default\">\n\t\t\t\t\t<div class=\"elementor-column elementor-col-50 elementor-top-column elementor-element elementor-element-2b5d22f9 elementor-hidden-tablet elementor-hidden-phone\" data-id=\"2b5d22f9\" data-element_type=\"column\" data-e-type=\"column\">\n\t\t\t<div class=\"elementor-widget-wrap\">\n\t\t\t\t\t\t\t<\/div>\n\t\t<\/div>\n\t\t\t\t<div class=\"elementor-column elementor-col-50 elementor-top-column elementor-element elementor-element-38ca624d elementor-invisible\" data-id=\"38ca624d\" data-element_type=\"column\" data-e-type=\"column\" data-settings=\"{&quot;animation&quot;:&quot;fadeInRight&quot;}\">\n\t\t\t<div class=\"elementor-widget-wrap elementor-element-populated\">\n\t\t\t\t\t\t<div class=\"elementor-element elementor-element-44163150 elementor-icon-list--layout-inline elementor-align-end elementor-tablet-align-center elementor-list-item-link-full_width elementor-widget elementor-widget-icon-list\" data-id=\"44163150\" data-element_type=\"widget\" data-e-type=\"widget\" data-widget_type=\"icon-list.default\">\n\t\t\t\t<div class=\"elementor-widget-container\">\n\t\t\t\t\t\t\t<ul class=\"elementor-icon-list-items elementor-inline-items\">\n\t\t\t\t\t\t\t<li class=\"elementor-icon-list-item elementor-inline-item\">\n\t\t\t\t\t\t\t\t\t\t\t<a href=\"https:\/\/www.adiosconamor.com\/es\/\">\n\n\t\t\t\t\t\t\t\t\t\t\t<span class=\"elementor-icon-list-text\">La Despedida<\/span>\n\t\t\t\t\t\t\t\t\t\t\t<\/a>\n\t\t\t\t\t\t\t\t\t<\/li>\n\t\t\t\t\t\t\t\t<li class=\"elementor-icon-list-item elementor-inline-item\">\n\t\t\t\t\t\t\t\t\t\t\t<span class=\"elementor-icon-list-icon\">\n\t\t\t\t\t\t\t<i aria-hidden=\"true\" class=\"fas fa-chevron-right\"><\/i>\t\t\t\t\t\t<\/span>\n\t\t\t\t\t\t\t\t\t\t<span class=\"elementor-icon-list-text\"><\/span>\n\t\t\t\t\t\t\t\t\t<\/li>\n\t\t\t\t\t\t<\/ul>\n\t\t\t\t\t\t<\/div>\n\t\t\t\t<\/div>\n\t\t\t\t\t<\/div>\n\t\t<\/div>\n\t\t\t\t\t<\/div>\n\t\t<\/section>\n\t\t\t\t<section class=\"elementor-section elementor-top-section elementor-element elementor-element-1153b0dc elementor-reverse-tablet elementor-reverse-mobile elementor-section-boxed elementor-section-height-default elementor-section-height-default\" data-id=\"1153b0dc\" data-element_type=\"section\" data-e-type=\"section\">\n\t\t\t\t\t\t<div class=\"elementor-container elementor-column-gap-default\">\n\t\t\t\t\t<div class=\"elementor-column elementor-col-50 elementor-top-column elementor-element elementor-element-29e03d8a elementor-invisible\" data-id=\"29e03d8a\" data-element_type=\"column\" data-e-type=\"column\" data-settings=\"{&quot;animation&quot;:&quot;fadeInUp&quot;}\">\n\t\t\t<div class=\"elementor-widget-wrap elementor-element-populated\">\n\t\t\t\t\t\t<section class=\"elementor-section elementor-inner-section elementor-element elementor-element-3ec5755 elementor-section-boxed elementor-section-height-default elementor-section-height-default\" data-id=\"3ec5755\" data-element_type=\"section\" data-e-type=\"section\">\n\t\t\t\t\t\t<div class=\"elementor-container elementor-column-gap-default\">\n\t\t\t\t\t<div class=\"elementor-column elementor-col-100 elementor-inner-column elementor-element elementor-element-a185a35\" data-id=\"a185a35\" data-element_type=\"column\" data-e-type=\"column\">\n\t\t\t<div class=\"elementor-widget-wrap elementor-element-populated\">\n\t\t\t\t\t\t<div class=\"elementor-element elementor-element-3d071b4 elementor-widget elementor-widget-heading\" data-id=\"3d071b4\" data-element_type=\"widget\" data-e-type=\"widget\" data-widget_type=\"heading.default\">\n\t\t\t\t<div class=\"elementor-widget-container\">\n\t\t\t\t\t<h5 class=\"elementor-heading-title elementor-size-default\">Art\u00edculos Recientes<\/h5>\t\t\t\t<\/div>\n\t\t\t\t<\/div>\n\t\t\t\t\t<\/div>\n\t\t<\/div>\n\t\t\t\t\t<\/div>\n\t\t<\/section>\n\t\t\t\t<section class=\"elementor-section elementor-inner-section elementor-element elementor-element-ce85e09 elementor-section-boxed elementor-section-height-default elementor-section-height-default\" data-id=\"ce85e09\" data-element_type=\"section\" data-e-type=\"section\" data-settings=\"{&quot;sticky&quot;:&quot;top&quot;,&quot;sticky_offset&quot;:120,&quot;sticky_parent&quot;:&quot;yes&quot;,&quot;sticky_on&quot;:[&quot;desktop&quot;,&quot;tablet&quot;,&quot;mobile&quot;],&quot;sticky_effects_offset&quot;:0,&quot;sticky_anchor_link_offset&quot;:0}\">\n\t\t\t\t\t\t<div class=\"elementor-container elementor-column-gap-default\">\n\t\t\t\t\t<div class=\"elementor-column elementor-col-100 elementor-inner-column elementor-element elementor-element-490d2d3\" data-id=\"490d2d3\" data-element_type=\"column\" data-e-type=\"column\" data-settings=\"{&quot;background_background&quot;:&quot;classic&quot;}\">\n\t\t\t<div class=\"elementor-widget-wrap elementor-element-populated\">\n\t\t\t\t\t<div class=\"elementor-background-overlay\"><\/div>\n\t\t\t\t\t\t<div class=\"elementor-element elementor-element-cabb5a9 elementor-widget elementor-widget-heading\" data-id=\"cabb5a9\" data-element_type=\"widget\" data-e-type=\"widget\" data-widget_type=\"heading.default\">\n\t\t\t\t<div class=\"elementor-widget-container\">\n\t\t\t\t\t<h2 class=\"elementor-heading-title elementor-size-default\">Adi\u00f3s con Amor Acompa\u00f1amiento y ceremonias funerarias<\/h2>\t\t\t\t<\/div>\n\t\t\t\t<\/div>\n\t\t\t\t<div class=\"elementor-element elementor-element-9e496a0 elementor-widget elementor-widget-jkit_post_block\" data-id=\"9e496a0\" data-element_type=\"widget\" data-e-type=\"widget\" data-widget_type=\"jkit_post_block.default\">\n\t\t\t\t<div class=\"elementor-widget-container\">\n\t\t\t\t\t<div  class=\"jeg-elementor-kit jkit-postblock postblock- jkit-pagination-disable post-element jeg_module___69f2ba7925570\"  data-id=\"jeg_module___69f2ba7925570\" data-settings=\"{&quot;post_type&quot;:&quot;post&quot;,&quot;number_post&quot;:{&quot;unit&quot;:&quot;px&quot;,&quot;size&quot;:3,&quot;sizes&quot;:[]},&quot;post_offset&quot;:0,&quot;unique_content&quot;:&quot;disable&quot;,&quot;include_post&quot;:&quot;&quot;,&quot;exclude_post&quot;:&quot;&quot;,&quot;include_category&quot;:&quot;1&quot;,&quot;exclude_category&quot;:&quot;21&quot;,&quot;include_author&quot;:&quot;&quot;,&quot;include_tag&quot;:&quot;&quot;,&quot;exclude_tag&quot;:&quot;&quot;,&quot;sort_by&quot;:&quot;oldest&quot;,&quot;pagination_mode&quot;:&quot;disable&quot;,&quot;pagination_loadmore_text&quot;:&quot;Load More&quot;,&quot;pagination_loading_text&quot;:&quot;Loading...&quot;,&quot;pagination_number_post&quot;:{&quot;unit&quot;:&quot;px&quot;,&quot;size&quot;:3,&quot;sizes&quot;:[]},&quot;pagination_scroll_limit&quot;:0,&quot;pagination_icon&quot;:{&quot;value&quot;:&quot;&quot;,&quot;library&quot;:&quot;&quot;},&quot;pagination_icon_position&quot;:&quot;before&quot;,&quot;st_category_position&quot;:&quot;left&quot;,&quot;sg_content_postblock_type&quot;:&quot;&quot;,&quot;sg_content_element_order&quot;:&quot;title,meta,excerpt,read&quot;,&quot;sg_content_breakpoint&quot;:&quot;tablet&quot;,&quot;sg_content_title_html_tag&quot;:&quot;h3&quot;,&quot;sg_content_category_enable&quot;:&quot;&quot;,&quot;sg_content_excerpt_enable&quot;:&quot;&quot;,&quot;sg_content_excerpt_length&quot;:{&quot;unit&quot;:&quot;px&quot;,&quot;size&quot;:20,&quot;sizes&quot;:[]},&quot;sg_content_excerpt_more&quot;:&quot;...&quot;,&quot;sg_content_readmore_enable&quot;:&quot;&quot;,&quot;sg_content_readmore_icon&quot;:{&quot;value&quot;:&quot;fas fa-arrow-right&quot;,&quot;library&quot;:&quot;fa-solid&quot;},&quot;sg_content_readmore_icon_position&quot;:&quot;after&quot;,&quot;sg_content_readmore_text&quot;:&quot;Read More&quot;,&quot;sg_content_comment_enable&quot;:&quot;&quot;,&quot;sg_content_comment_icon&quot;:{&quot;value&quot;:&quot;fas fa-comment&quot;,&quot;library&quot;:&quot;fa-solid&quot;},&quot;sg_content_comment_icon_position&quot;:&quot;before&quot;,&quot;sg_content_meta_enable&quot;:&quot;yes&quot;,&quot;sg_content_meta_author_enable&quot;:&quot;&quot;,&quot;sg_content_meta_author_by_text&quot;:&quot;by&quot;,&quot;sg_content_meta_author_icon&quot;:{&quot;value&quot;:&quot;fas fa-user&quot;,&quot;library&quot;:&quot;fa-solid&quot;},&quot;sg_content_meta_author_icon_position&quot;:&quot;before&quot;,&quot;sg_content_meta_date_enable&quot;:&quot;yes&quot;,&quot;sg_content_meta_date_type&quot;:&quot;published&quot;,&quot;sg_content_meta_date_format&quot;:&quot;default&quot;,&quot;sg_content_meta_date_format_custom&quot;:&quot;F j, Y&quot;,&quot;sg_content_meta_date_icon&quot;:{&quot;value&quot;:&quot;icon icon-calendar-page-empty&quot;,&quot;library&quot;:&quot;ekiticons&quot;},&quot;sg_content_meta_date_icon_position&quot;:&quot;before&quot;,&quot;sg_content_image_size_imagesize_size&quot;:&quot;full&quot;,&quot;lang&quot;:&quot;es&quot;,&quot;paged&quot;:1,&quot;class&quot;:&quot;jkit_post_block&quot;}\"><div class=\"jkit-block-container\"><div class=\"jkit-posts jkit-ajax-flag\">\n            <article class=\"jkit-post post-2221 post type-post status-publish format-standard has-post-thumbnail hentry category-sin-categorizar\">\n                    <div class=\"jkit-thumb\"><a aria-label=\"El Bosque del Amor\" href=\"https:\/\/www.adiosconamor.com\/es\/2024\/01\/30\/el-bosque-del-amor\/\"><div class=\"thumbnail-container \">\n            <img loading=\"lazy\" decoding=\"async\" width=\"1024\" height=\"724\" src=\"https:\/\/adiosconamor.com\/wp-content\/uploads\/2024\/01\/urnas1.jpg\" class=\"attachment-full size-full wp-post-image\" alt=\"\" loading=\"lazy\" srcset=\"https:\/\/adiosconamor.com\/wp-content\/uploads\/2024\/01\/urnas1.jpg 1024w, https:\/\/adiosconamor.com\/wp-content\/uploads\/2024\/01\/urnas1-300x212.jpg 300w, https:\/\/adiosconamor.com\/wp-content\/uploads\/2024\/01\/urnas1-768x543.jpg 768w\" sizes=\"auto, (max-width: 1024px) 100vw, 1024px\" \/>\n        <\/div><\/a><\/div>\n                    <div class=\"jkit-postblock-content\"><h3 class=\"jkit-post-title\">\n\t\t\t\t\t\t\t<a href=\"https:\/\/www.adiosconamor.com\/es\/2024\/01\/30\/el-bosque-del-amor\/\">El Bosque del Amor<\/a>\n\t\t\t\t\t\t<\/h3><div class=\"jkit-post-meta\"><div class=\"jkit-meta-date icon-position-before\"><i aria-hidden=\"true\" class=\"icon icon-calendar-page-empty\"><\/i>30 de enero de 2024<\/div><\/div><div class=\"jkit-post-meta-bottom\">\n\t\t\t\t\t\t\t\n\t\t\t\t\t\t<\/div><\/div>\n                <\/article><article class=\"jkit-post post-2228 post type-post status-publish format-standard has-post-thumbnail hentry category-sin-categorizar\">\n                    <div class=\"jkit-thumb\"><a aria-label=\"La Ley de eutanasia\" href=\"https:\/\/www.adiosconamor.com\/es\/2024\/01\/30\/la-ley-de-eutanasia\/\"><div class=\"thumbnail-container \">\n            <img loading=\"lazy\" decoding=\"async\" width=\"1010\" height=\"557\" src=\"https:\/\/adiosconamor.com\/wp-content\/uploads\/2024\/01\/hojas.png\" class=\"attachment-full size-full wp-post-image\" alt=\"\" loading=\"lazy\" srcset=\"https:\/\/adiosconamor.com\/wp-content\/uploads\/2024\/01\/hojas.png 1010w, https:\/\/adiosconamor.com\/wp-content\/uploads\/2024\/01\/hojas-300x165.png 300w, https:\/\/adiosconamor.com\/wp-content\/uploads\/2024\/01\/hojas-768x424.png 768w\" sizes=\"auto, (max-width: 1010px) 100vw, 1010px\" \/>\n        <\/div><\/a><\/div>\n                    <div class=\"jkit-postblock-content\"><h3 class=\"jkit-post-title\">\n\t\t\t\t\t\t\t<a href=\"https:\/\/www.adiosconamor.com\/es\/2024\/01\/30\/la-ley-de-eutanasia\/\">La Ley de eutanasia<\/a>\n\t\t\t\t\t\t<\/h3><div class=\"jkit-post-meta\"><div class=\"jkit-meta-date icon-position-before\"><i aria-hidden=\"true\" class=\"icon icon-calendar-page-empty\"><\/i>30 de enero de 2024<\/div><\/div><div class=\"jkit-post-meta-bottom\">\n\t\t\t\t\t\t\t\n\t\t\t\t\t\t<\/div><\/div>\n                <\/article>\n        <\/div><\/div><\/div>\t\t\t\t<\/div>\n\t\t\t\t<\/div>\n\t\t\t\t<div class=\"elementor-element elementor-element-31de1f6 elementor-widget elementor-widget-text-editor\" data-id=\"31de1f6\" data-element_type=\"widget\" data-e-type=\"widget\" data-widget_type=\"text-editor.default\">\n\t\t\t\t<div class=\"elementor-widget-container\">\n\t\t\t\t\t\t\t\t\t<p>Descubre nuestros eventos.<\/p>\t\t\t\t\t\t\t\t<\/div>\n\t\t\t\t<\/div>\n\t\t\t\t<div class=\"elementor-element elementor-element-c45b167 elementor-widget elementor-widget-jkit_button\" data-id=\"c45b167\" data-element_type=\"widget\" data-e-type=\"widget\" data-widget_type=\"jkit_button.default\">\n\t\t\t\t<div class=\"elementor-widget-container\">\n\t\t\t\t\t<div  class=\"jeg-elementor-kit jkit-button  icon-position-before jeg_module__1_69f2ba79295dc\" ><a href=\"https:\/\/adiosconamor.com\/es\/eventos\/\" class=\"jkit-button-wrapper\">Ver eventos<\/a><\/div>\t\t\t\t<\/div>\n\t\t\t\t<\/div>\n\t\t\t\t\t<\/div>\n\t\t<\/div>\n\t\t\t\t\t<\/div>\n\t\t<\/section>\n\t\t\t\t\t<\/div>\n\t\t<\/div>\n\t\t\t\t<div class=\"elementor-column elementor-col-50 elementor-top-column elementor-element elementor-element-446849a0 elementor-invisible\" data-id=\"446849a0\" data-element_type=\"column\" data-e-type=\"column\" data-settings=\"{&quot;animation&quot;:&quot;fadeInUp&quot;}\">\n\t\t\t<div class=\"elementor-widget-wrap elementor-element-populated\">\n\t\t\t\t\t\t<div class=\"elementor-element elementor-element-24429e72 elementor-widget elementor-widget-jkit_post_block\" data-id=\"24429e72\" data-element_type=\"widget\" data-e-type=\"widget\" data-widget_type=\"jkit_post_block.default\">\n\t\t\t\t<div class=\"elementor-widget-container\">\n\t\t\t\t\t<div  class=\"jeg-elementor-kit jkit-postblock postblock-type-3 jkit-pagination-nextprev post-element jeg_module__2_69f2ba792a21e\"  data-id=\"jeg_module__2_69f2ba792a21e\" data-settings=\"{&quot;post_type&quot;:&quot;post&quot;,&quot;number_post&quot;:{&quot;unit&quot;:&quot;px&quot;,&quot;size&quot;:6,&quot;sizes&quot;:[]},&quot;post_offset&quot;:0,&quot;unique_content&quot;:&quot;disable&quot;,&quot;include_post&quot;:&quot;&quot;,&quot;exclude_post&quot;:&quot;&quot;,&quot;include_category&quot;:&quot;1&quot;,&quot;exclude_category&quot;:&quot;21&quot;,&quot;include_author&quot;:&quot;&quot;,&quot;include_tag&quot;:&quot;&quot;,&quot;exclude_tag&quot;:&quot;&quot;,&quot;sort_by&quot;:&quot;latest&quot;,&quot;pagination_mode&quot;:&quot;nextprev&quot;,&quot;pagination_loadmore_text&quot;:&quot;Load More&quot;,&quot;pagination_loading_text&quot;:&quot;Loading...&quot;,&quot;pagination_number_post&quot;:{&quot;unit&quot;:&quot;px&quot;,&quot;size&quot;:3,&quot;sizes&quot;:[]},&quot;pagination_scroll_limit&quot;:0,&quot;pagination_icon&quot;:{&quot;value&quot;:&quot;&quot;,&quot;library&quot;:&quot;&quot;},&quot;pagination_icon_position&quot;:&quot;before&quot;,&quot;st_category_position&quot;:&quot;left&quot;,&quot;sg_content_postblock_type&quot;:&quot;type-3&quot;,&quot;sg_content_element_order&quot;:&quot;title,meta,excerpt,read&quot;,&quot;sg_content_breakpoint&quot;:&quot;tablet&quot;,&quot;sg_content_title_html_tag&quot;:&quot;h3&quot;,&quot;sg_content_category_enable&quot;:&quot;&quot;,&quot;sg_content_excerpt_enable&quot;:&quot;yes&quot;,&quot;sg_content_excerpt_length&quot;:{&quot;unit&quot;:&quot;px&quot;,&quot;size&quot;:20,&quot;sizes&quot;:[]},&quot;sg_content_excerpt_more&quot;:&quot;...&quot;,&quot;sg_content_readmore_enable&quot;:&quot;&quot;,&quot;sg_content_readmore_icon&quot;:{&quot;value&quot;:&quot;&quot;,&quot;library&quot;:&quot;&quot;},&quot;sg_content_readmore_icon_position&quot;:&quot;after&quot;,&quot;sg_content_readmore_text&quot;:&quot;Read More&quot;,&quot;sg_content_comment_enable&quot;:&quot;&quot;,&quot;sg_content_comment_icon&quot;:{&quot;value&quot;:&quot;fas fa-comment&quot;,&quot;library&quot;:&quot;fa-solid&quot;},&quot;sg_content_comment_icon_position&quot;:&quot;before&quot;,&quot;sg_content_meta_enable&quot;:&quot;yes&quot;,&quot;sg_content_meta_author_enable&quot;:&quot;&quot;,&quot;sg_content_meta_author_by_text&quot;:&quot;by&quot;,&quot;sg_content_meta_author_icon&quot;:{&quot;value&quot;:&quot;fas fa-user&quot;,&quot;library&quot;:&quot;fa-solid&quot;},&quot;sg_content_meta_author_icon_position&quot;:&quot;before&quot;,&quot;sg_content_meta_date_enable&quot;:&quot;yes&quot;,&quot;sg_content_meta_date_type&quot;:&quot;published&quot;,&quot;sg_content_meta_date_format&quot;:&quot;default&quot;,&quot;sg_content_meta_date_format_custom&quot;:&quot;F j, Y&quot;,&quot;sg_content_meta_date_icon&quot;:{&quot;value&quot;:&quot;icon icon-calendar-page-empty&quot;,&quot;library&quot;:&quot;ekiticons&quot;},&quot;sg_content_meta_date_icon_position&quot;:&quot;before&quot;,&quot;sg_content_image_size_imagesize_size&quot;:&quot;full&quot;,&quot;lang&quot;:&quot;es&quot;,&quot;paged&quot;:1,&quot;class&quot;:&quot;jkit_post_block&quot;}\"><div class=\"jkit-block-container\"><div class=\"jkit-posts jkit-ajax-flag\">\n            <article class=\"jkit-post post-2228 post type-post status-publish format-standard has-post-thumbnail hentry category-sin-categorizar\">\n                    <div class=\"jkit-thumb\"><a aria-label=\"La Ley de eutanasia\" href=\"https:\/\/www.adiosconamor.com\/es\/2024\/01\/30\/la-ley-de-eutanasia\/\"><div class=\"thumbnail-container \">\n            <img loading=\"lazy\" decoding=\"async\" width=\"1010\" height=\"557\" src=\"https:\/\/adiosconamor.com\/wp-content\/uploads\/2024\/01\/hojas.png\" class=\"attachment-full size-full wp-post-image\" alt=\"\" loading=\"lazy\" srcset=\"https:\/\/adiosconamor.com\/wp-content\/uploads\/2024\/01\/hojas.png 1010w, https:\/\/adiosconamor.com\/wp-content\/uploads\/2024\/01\/hojas-300x165.png 300w, https:\/\/adiosconamor.com\/wp-content\/uploads\/2024\/01\/hojas-768x424.png 768w\" sizes=\"auto, (max-width: 1010px) 100vw, 1010px\" \/>\n        <\/div><\/a><\/div>\n                    <div class=\"jkit-postblock-content\"><h3 class=\"jkit-post-title\">\n\t\t\t\t\t\t\t<a href=\"https:\/\/www.adiosconamor.com\/es\/2024\/01\/30\/la-ley-de-eutanasia\/\">La Ley de eutanasia<\/a>\n\t\t\t\t\t\t<\/h3><div class=\"jkit-post-meta\"><div class=\"jkit-meta-date icon-position-before\"><i aria-hidden=\"true\" class=\"icon icon-calendar-page-empty\"><\/i>30 de enero de 2024<\/div><\/div><div class=\"jkit-post-excerpt\"><p>La ley sobre la eutanasia aprobada por el Parlamento la semana pasada entrar\u00e1 en vigor el 25 de junio de...<\/p><\/div><div class=\"jkit-post-meta-bottom\">\n\t\t\t\t\t\t\t\n\t\t\t\t\t\t<\/div><\/div>\n                <\/article><article class=\"jkit-post post-2221 post type-post status-publish format-standard has-post-thumbnail hentry category-sin-categorizar\">\n                    <div class=\"jkit-thumb\"><a aria-label=\"El Bosque del Amor\" href=\"https:\/\/www.adiosconamor.com\/es\/2024\/01\/30\/el-bosque-del-amor\/\"><div class=\"thumbnail-container \">\n            <img loading=\"lazy\" decoding=\"async\" width=\"1024\" height=\"724\" src=\"https:\/\/adiosconamor.com\/wp-content\/uploads\/2024\/01\/urnas1.jpg\" class=\"attachment-full size-full wp-post-image\" alt=\"\" loading=\"lazy\" srcset=\"https:\/\/adiosconamor.com\/wp-content\/uploads\/2024\/01\/urnas1.jpg 1024w, https:\/\/adiosconamor.com\/wp-content\/uploads\/2024\/01\/urnas1-300x212.jpg 300w, https:\/\/adiosconamor.com\/wp-content\/uploads\/2024\/01\/urnas1-768x543.jpg 768w\" sizes=\"auto, (max-width: 1024px) 100vw, 1024px\" \/>\n        <\/div><\/a><\/div>\n                    <div class=\"jkit-postblock-content\"><h3 class=\"jkit-post-title\">\n\t\t\t\t\t\t\t<a href=\"https:\/\/www.adiosconamor.com\/es\/2024\/01\/30\/el-bosque-del-amor\/\">El Bosque del Amor<\/a>\n\t\t\t\t\t\t<\/h3><div class=\"jkit-post-meta\"><div class=\"jkit-meta-date icon-position-before\"><i aria-hidden=\"true\" class=\"icon icon-calendar-page-empty\"><\/i>30 de enero de 2024<\/div><\/div><div class=\"jkit-post-excerpt\"><p>Plantamos un \u00e1rbol aut\u00f3ctono y debajo enterramos las cenizas de nuestro ser querido en una urna biodegradable de cart\u00f3n en...<\/p><\/div><div class=\"jkit-post-meta-bottom\">\n\t\t\t\t\t\t\t\n\t\t\t\t\t\t<\/div><\/div>\n                <\/article>\n        <\/div><div class=\"jkit-preloader-overlay\">\n\t\t\t\t\t<div class=\"jkit-preloader-type jkit-preloader-dot\">\n\t\t\t\t\t\t<div class=\"jkit-preloader\">\n\t\t\t\t\t\t\t<span><\/span><span><\/span><span><\/span>\n\t\t\t\t\t\t<\/div>\n\t\t\t\t\t<\/div>\n\t\t\t\t<\/div><\/div><div class=\"jkit-block-pagination jkit-align\"><div class=\"jkit-pagination-button jkit-block-nextprev jkit-nextprev-edge\">\n\t\t\t\t\t\t<button type=\"button\" class=\"prev disabled\" title=\"Previous\"><i aria-hidden=\"true\" class=\"jki jki-angle-left-solid\"><\/i><\/button>\n\t\t\t\t\t\t<button type=\"button\" class=\"next disabled\" title=\"Next\"><i aria-hidden=\"true\" class=\"jki jki-angle-right-solid\"><\/i><\/button>\n\t\t\t\t\t<\/div><\/div><\/div>\t\t\t\t<\/div>\n\t\t\t\t<\/div>\n\t\t\t\t\t<\/div>\n\t\t<\/div>\n\t\t\t\t\t<\/div>\n\t\t<\/section>\n\t\t\t\t<\/div>\n\t\t","protected":false},"excerpt":{"rendered":"<p>La Despedida Art\u00edculos Recientes Adi\u00f3s con Amor Acompa\u00f1amiento y ceremonias funerarias edit post El Bosque del Amor 30 de enero de 2024 edit post La Ley de eutanasia 30 de enero de 2024 Descubre nuestros eventos. Ver eventos edit post La Ley de eutanasia 30 de enero de 2024 La ley sobre la eutanasia aprobada [&hellip;]<\/p>\n","protected":false},"author":1,"featured_media":0,"parent":0,"menu_order":0,"comment_status":"closed","ping_status":"closed","template":"elementor_header_footer","meta":{"om_disable_all_campaigns":false,"_monsterinsights_skip_tracking":false,"_monsterinsights_sitenote_active":false,"_monsterinsights_sitenote_note":"","_monsterinsights_sitenote_category":0,"_uf_show_specific_survey":0,"_uf_disable_surveys":false,"footnotes":""},"class_list":["post-1604","page","type-page","status-publish","hentry"],"aioseo_notices":[],"_links":{"self":[{"href":"https:\/\/www.adiosconamor.com\/es\/wp-json\/wp\/v2\/pages\/1604","targetHints":{"allow":["GET"]}}],"collection":[{"href":"https:\/\/www.adiosconamor.com\/es\/wp-json\/wp\/v2\/pages"}],"about":[{"href":"https:\/\/www.adiosconamor.com\/es\/wp-json\/wp\/v2\/types\/page"}],"author":[{"embeddable":true,"href":"https:\/\/www.adiosconamor.com\/es\/wp-json\/wp\/v2\/users\/1"}],"replies":[{"embeddable":true,"href":"https:\/\/www.adiosconamor.com\/es\/wp-json\/wp\/v2\/comments?post=1604"}],"version-history":[{"count":0,"href":"https:\/\/www.adiosconamor.com\/es\/wp-json\/wp\/v2\/pages\/1604\/revisions"}],"wp:attachment":[{"href":"https:\/\/www.adiosconamor.com\/es\/wp-json\/wp\/v2\/media?parent=1604"}],"curies":[{"name":"wp","href":"https:\/\/api.w.org\/{rel}","templated":true}]}}